{"id":1546,"date":"2012-02-15T14:49:11","date_gmt":"2012-02-15T12:49:11","guid":{"rendered":"http:\/\/www.estudiodefrances.com\/?page_id=1546"},"modified":"2022-10-11T08:16:16","modified_gmt":"2022-10-11T06:16:16","slug":"apps-iphoneipad","status":"publish","type":"page","link":"https:\/\/www.estudiodefrances.com\/?page_id=1546","title":{"rendered":"VOCABULAIRE ET JEUX"},"content":{"rendered":"<h4>Des activit\u00e9s ou des jeux pour apprendre, jouer ou s&rsquo;entra\u00eener en fran\u00e7ais.<\/h4>\n<h4 style=\"text-align: left;\"><strong><span style=\"font-family: arial black,avant garde;\">EXEMPLES DE TYPOLOGIES D&rsquo;ACTIVIT\u00c9S :<\/span><br \/>\n<\/strong><\/h4>\n<p>1. Activit\u00e9 type glisser-d\u00e9poser d&rsquo;\u00e9tiquettes apr\u00e8s \u00e9coute.<\/p>\n<p><a title=\"L'appartement\" href=\"http:\/\/www.estudiodefrances.com\/fle-html5\/appartement\/appartement.html\"><img loading=\"lazy\" decoding=\"async\" class=\"aligncenter size-medium wp-image-2249\" src=\"http:\/\/www.estudiodefrances.com\/wp-content\/uploads\/l-appartement1-300x229.png\" alt=\"l'appartement\" width=\"300\" height=\"229\" srcset=\"https:\/\/www.estudiodefrances.com\/wp-content\/uploads\/l-appartement1-300x229.png 300w, https:\/\/www.estudiodefrances.com\/wp-content\/uploads\/l-appartement1-1024x783.png 1024w, https:\/\/www.estudiodefrances.com\/wp-content\/uploads\/l-appartement1.png 1892w\" sizes=\"auto, (max-width: 300px) 100vw, 300px\" \/><\/a><\/p>\n<p>2. Activit\u00e9 type glisser-d\u00e9poser d&rsquo;\u00e9tiquettes puis \u00e9coute de chaque mot.<\/p>\n<p><a title=\"les continents\" href=\"http:\/\/www.estudiodefrances.com\/fle-html5\/continents-et-oceans\/continents-et-oceans.html\"><img loading=\"lazy\" decoding=\"async\" class=\"aligncenter size-medium wp-image-2261\" src=\"http:\/\/www.estudiodefrances.com\/wp-content\/uploads\/carte-300x225.png\" alt=\"carte\" width=\"300\" height=\"225\" srcset=\"https:\/\/www.estudiodefrances.com\/wp-content\/uploads\/carte-300x225.png 300w, https:\/\/www.estudiodefrances.com\/wp-content\/uploads\/carte-1024x769.png 1024w, https:\/\/www.estudiodefrances.com\/wp-content\/uploads\/carte.png 1696w\" sizes=\"auto, (max-width: 300px) 100vw, 300px\" \/><\/a><\/p>\n<p>3. Jeu type cliquer-trouver sur un dessin + \u00e9coute de mots.<\/p>\n<p><a title=\"Jeu en HTML5, cliquer-trouver sur un dessin\" href=\"http:\/\/www.estudiodefrances.com\/fle-html5\/vocabulaire\/jeu-hiver.html\"><img loading=\"lazy\" decoding=\"async\" class=\"aligncenter size-medium wp-image-2069\" src=\"http:\/\/www.estudiodefrances.com\/wp-content\/uploads\/activite-cliquer-trouver-300x211.png\" alt=\"activite-cliquer-trouver\" width=\"300\" height=\"211\" srcset=\"https:\/\/www.estudiodefrances.com\/wp-content\/uploads\/activite-cliquer-trouver-300x211.png 300w, https:\/\/www.estudiodefrances.com\/wp-content\/uploads\/activite-cliquer-trouver-1024x723.png 1024w, https:\/\/www.estudiodefrances.com\/wp-content\/uploads\/activite-cliquer-trouver.png 1039w\" sizes=\"auto, (max-width: 300px) 100vw, 300px\" \/><\/a><\/p>\n<p>4. Activit\u00e9 de vocabulaire avec d\u00e9couverte + exercice + \u00e9coute de mots.<strong><br \/>\n<\/strong><\/p>\n<p><a title=\"Activit\u00e9 &quot;la rentr\u00e9e scolaire&quot; en HTML5\" href=\"http:\/\/www.estudiodefrances.com\/fle-html5\/la-rentree-scolaire.html\" rel=\"attachment wp-att-1920\"><img loading=\"lazy\" decoding=\"async\" class=\"aligncenter size-medium wp-image-1920\" src=\"http:\/\/www.estudiodefrances.com\/wp-content\/uploads\/html5-1-ecole-300x197.png\" alt=\"Activit\u00e9 rentr\u00e9e scolaire\" width=\"300\" height=\"197\" srcset=\"https:\/\/www.estudiodefrances.com\/wp-content\/uploads\/html5-1-ecole-300x197.png 300w, https:\/\/www.estudiodefrances.com\/wp-content\/uploads\/html5-1-ecole-1024x674.png 1024w, https:\/\/www.estudiodefrances.com\/wp-content\/uploads\/html5-1-ecole.png 1039w\" sizes=\"auto, (max-width: 300px) 100vw, 300px\" \/><\/a><\/p>\n<p>5. Exercice \u00e0 choix multiples apr\u00e8s \u00e9coute.<\/p>\n<p><a title=\"Exercice en HTML5\" href=\"http:\/\/www.estudiodefrances.com\/fle-html5\/halloween-html5.html\" rel=\"attachment wp-att-1966\"><img loading=\"lazy\" decoding=\"async\" class=\"aligncenter size-medium wp-image-1966\" src=\"http:\/\/www.estudiodefrances.com\/wp-content\/uploads\/image-activite-halloween-289x300.png\" alt=\"Halloween\" width=\"289\" height=\"300\" srcset=\"https:\/\/www.estudiodefrances.com\/wp-content\/uploads\/image-activite-halloween-289x300.png 289w, https:\/\/www.estudiodefrances.com\/wp-content\/uploads\/image-activite-halloween.png 638w\" sizes=\"auto, (max-width: 289px) 100vw, 289px\" \/><\/a><\/p>\n<p>6. Activit\u00e9 avec fiche explicative et feedback final.<\/p>\n<p><a title=\"y ou en\" href=\"http:\/\/www.estudiodefrances.com\/fle-html5\/grammaire\/y-en.html\"><img loading=\"lazy\" decoding=\"async\" class=\"aligncenter size-medium wp-image-2015\" src=\"http:\/\/www.estudiodefrances.com\/wp-content\/uploads\/y-en-265x300.png\" alt=\"y-en\" width=\"265\" height=\"300\" srcset=\"https:\/\/www.estudiodefrances.com\/wp-content\/uploads\/y-en-265x300.png 265w, https:\/\/www.estudiodefrances.com\/wp-content\/uploads\/y-en.png 624w\" sizes=\"auto, (max-width: 265px) 100vw, 265px\" \/><\/a><\/p>\n<p>7. Activit\u00e9 d&rsquo;observation d&rsquo;un document + questions.<\/p>\n<p><a title=\"Petit d\u00e9jeuner \u00e0 Paris\" href=\"http:\/\/www.estudiodefrances.com\/fle-html5\/grammaire\/cafe-croissant.html\"><img loading=\"lazy\" decoding=\"async\" class=\"aligncenter size-medium wp-image-2234\" src=\"http:\/\/www.estudiodefrances.com\/wp-content\/uploads\/petit-dejeuner-Paris1-298x300.jpg\" alt=\"petit-dejeuner-Paris\" width=\"298\" height=\"300\" srcset=\"https:\/\/www.estudiodefrances.com\/wp-content\/uploads\/petit-dejeuner-Paris1-298x300.jpg 298w, https:\/\/www.estudiodefrances.com\/wp-content\/uploads\/petit-dejeuner-Paris1-150x150.jpg 150w, https:\/\/www.estudiodefrances.com\/wp-content\/uploads\/petit-dejeuner-Paris1-1019x1024.jpg 1019w, https:\/\/www.estudiodefrances.com\/wp-content\/uploads\/petit-dejeuner-Paris1-70x70.jpg 70w, https:\/\/www.estudiodefrances.com\/wp-content\/uploads\/petit-dejeuner-Paris1.jpg 1336w\" sizes=\"auto, (max-width: 298px) 100vw, 298px\" \/><\/a><\/p>\n","protected":false},"excerpt":{"rendered":"<p>Des activit\u00e9s ou des jeux pour apprendre, jouer ou s&rsquo;entra\u00eener en fran\u00e7ais. EXEMPLES DE TYPOLOGIES D&rsquo;ACTIVIT\u00c9S : 1. Activit\u00e9 type glisser-d\u00e9poser d&rsquo;\u00e9tiquettes apr\u00e8s \u00e9coute. 2. &hellip; <\/p>\n","protected":false},"author":1,"featured_media":0,"parent":0,"menu_order":0,"comment_status":"open","ping_status":"open","template":"","meta":{"_monsterinsights_skip_tracking":false,"_monsterinsights_sitenote_active":false,"_monsterinsights_sitenote_note":"","_monsterinsights_sitenote_category":0,"cybocfi_hide_featured_image":"","footnotes":""},"categories":[],"tags":[],"class_list":["post-1546","page","type-page","status-publish","hentry"],"yoast_head":"<!-- This site is optimized with the Yoast SEO plugin v27.5 - https:\/\/yoast.com\/product\/yoast-seo-wordpress\/ -->\n<title>VOCABULAIRE ET JEUX - MOddou FLE<\/title>\n<meta name=\"robots\" content=\"index, follow, max-snippet:-1, max-image-preview:large, max-video-preview:-1\" \/>\n<link rel=\"canonical\" href=\"https:\/\/www.estudiodefrances.com\/?page_id=1546\" \/>\n<meta property=\"og:locale\" content=\"fr_FR\" \/>\n<meta property=\"og:type\" content=\"article\" \/>\n<meta property=\"og:title\" content=\"VOCABULAIRE ET JEUX - MOddou FLE\" \/>\n<meta property=\"og:description\" content=\"Des activit\u00e9s ou des jeux pour apprendre, jouer ou s&rsquo;entra\u00eener en fran\u00e7ais. EXEMPLES DE TYPOLOGIES D&rsquo;ACTIVIT\u00c9S : 1. Activit\u00e9 type glisser-d\u00e9poser d&rsquo;\u00e9tiquettes apr\u00e8s \u00e9coute. 2. &hellip;\" \/>\n<meta property=\"og:url\" content=\"https:\/\/www.estudiodefrances.com\/?page_id=1546\" \/>\n<meta property=\"og:site_name\" content=\"MOddou FLE\" \/>\n<meta property=\"article:publisher\" content=\"https:\/\/www.facebook.com\/moddouFLE\/\" \/>\n<meta property=\"article:modified_time\" content=\"2022-10-11T06:16:16+00:00\" \/>\n<meta property=\"og:image\" content=\"http:\/\/www.estudiodefrances.com\/wp-content\/uploads\/l-appartement1-300x229.png\" \/>\n<meta name=\"twitter:card\" content=\"summary_large_image\" \/>\n<meta name=\"twitter:site\" content=\"@moddou\" \/>\n<script type=\"application\/ld+json\" class=\"yoast-schema-graph\">{\"@context\":\"https:\\\/\\\/schema.org\",\"@graph\":[{\"@type\":\"WebPage\",\"@id\":\"https:\\\/\\\/www.estudiodefrances.com\\\/?page_id=1546\",\"url\":\"https:\\\/\\\/www.estudiodefrances.com\\\/?page_id=1546\",\"name\":\"VOCABULAIRE ET JEUX - MOddou FLE\",\"isPartOf\":{\"@id\":\"https:\\\/\\\/www.estudiodefrances.com\\\/#website\"},\"primaryImageOfPage\":{\"@id\":\"https:\\\/\\\/www.estudiodefrances.com\\\/?page_id=1546#primaryimage\"},\"image\":{\"@id\":\"https:\\\/\\\/www.estudiodefrances.com\\\/?page_id=1546#primaryimage\"},\"thumbnailUrl\":\"http:\\\/\\\/www.estudiodefrances.com\\\/wp-content\\\/uploads\\\/l-appartement1-300x229.png\",\"datePublished\":\"2012-02-15T12:49:11+00:00\",\"dateModified\":\"2022-10-11T06:16:16+00:00\",\"breadcrumb\":{\"@id\":\"https:\\\/\\\/www.estudiodefrances.com\\\/?page_id=1546#breadcrumb\"},\"inLanguage\":\"fr-FR\",\"potentialAction\":[{\"@type\":\"ReadAction\",\"target\":[\"https:\\\/\\\/www.estudiodefrances.com\\\/?page_id=1546\"]}]},{\"@type\":\"ImageObject\",\"inLanguage\":\"fr-FR\",\"@id\":\"https:\\\/\\\/www.estudiodefrances.com\\\/?page_id=1546#primaryimage\",\"url\":\"https:\\\/\\\/www.estudiodefrances.com\\\/wp-content\\\/uploads\\\/l-appartement1.png\",\"contentUrl\":\"https:\\\/\\\/www.estudiodefrances.com\\\/wp-content\\\/uploads\\\/l-appartement1.png\",\"width\":1892,\"height\":1448},{\"@type\":\"BreadcrumbList\",\"@id\":\"https:\\\/\\\/www.estudiodefrances.com\\\/?page_id=1546#breadcrumb\",\"itemListElement\":[{\"@type\":\"ListItem\",\"position\":1,\"name\":\"Accueil\",\"item\":\"https:\\\/\\\/www.estudiodefrances.com\\\/\"},{\"@type\":\"ListItem\",\"position\":2,\"name\":\"VOCABULAIRE ET JEUX\"}]},{\"@type\":\"WebSite\",\"@id\":\"https:\\\/\\\/www.estudiodefrances.com\\\/#website\",\"url\":\"https:\\\/\\\/www.estudiodefrances.com\\\/\",\"name\":\"MOddou FLE\",\"description\":\"Exercices et jeux pour apprendre le fran\u00e7ais\",\"publisher\":{\"@id\":\"https:\\\/\\\/www.estudiodefrances.com\\\/#organization\"},\"potentialAction\":[{\"@type\":\"SearchAction\",\"target\":{\"@type\":\"EntryPoint\",\"urlTemplate\":\"https:\\\/\\\/www.estudiodefrances.com\\\/?s={search_term_string}\"},\"query-input\":{\"@type\":\"PropertyValueSpecification\",\"valueRequired\":true,\"valueName\":\"search_term_string\"}}],\"inLanguage\":\"fr-FR\"},{\"@type\":\"Organization\",\"@id\":\"https:\\\/\\\/www.estudiodefrances.com\\\/#organization\",\"name\":\"MOddou FLE\",\"url\":\"https:\\\/\\\/www.estudiodefrances.com\\\/\",\"logo\":{\"@type\":\"ImageObject\",\"inLanguage\":\"fr-FR\",\"@id\":\"https:\\\/\\\/www.estudiodefrances.com\\\/#\\\/schema\\\/logo\\\/image\\\/\",\"url\":\"https:\\\/\\\/www.estudiodefrances.com\\\/wp-content\\\/uploads\\\/cropped-Capture-de\u0301cran-2013-09-04-a\u0300-00.08.43-1.png\",\"contentUrl\":\"https:\\\/\\\/www.estudiodefrances.com\\\/wp-content\\\/uploads\\\/cropped-Capture-de\u0301cran-2013-09-04-a\u0300-00.08.43-1.png\",\"width\":68,\"height\":79,\"caption\":\"MOddou FLE\"},\"image\":{\"@id\":\"https:\\\/\\\/www.estudiodefrances.com\\\/#\\\/schema\\\/logo\\\/image\\\/\"},\"sameAs\":[\"https:\\\/\\\/www.facebook.com\\\/moddouFLE\\\/\",\"https:\\\/\\\/x.com\\\/moddou\"]}]}<\/script>\n<!-- \/ Yoast SEO plugin. -->","yoast_head_json":{"title":"VOCABULAIRE ET JEUX - MOddou FLE","robots":{"index":"index","follow":"follow","max-snippet":"max-snippet:-1","max-image-preview":"max-image-preview:large","max-video-preview":"max-video-preview:-1"},"canonical":"https:\/\/www.estudiodefrances.com\/?page_id=1546","og_locale":"fr_FR","og_type":"article","og_title":"VOCABULAIRE ET JEUX - MOddou FLE","og_description":"Des activit\u00e9s ou des jeux pour apprendre, jouer ou s&rsquo;entra\u00eener en fran\u00e7ais. EXEMPLES DE TYPOLOGIES D&rsquo;ACTIVIT\u00c9S : 1. Activit\u00e9 type glisser-d\u00e9poser d&rsquo;\u00e9tiquettes apr\u00e8s \u00e9coute. 2. &hellip;","og_url":"https:\/\/www.estudiodefrances.com\/?page_id=1546","og_site_name":"MOddou FLE","article_publisher":"https:\/\/www.facebook.com\/moddouFLE\/","article_modified_time":"2022-10-11T06:16:16+00:00","og_image":[{"url":"http:\/\/www.estudiodefrances.com\/wp-content\/uploads\/l-appartement1-300x229.png","type":"","width":"","height":""}],"twitter_card":"summary_large_image","twitter_site":"@moddou","schema":{"@context":"https:\/\/schema.org","@graph":[{"@type":"WebPage","@id":"https:\/\/www.estudiodefrances.com\/?page_id=1546","url":"https:\/\/www.estudiodefrances.com\/?page_id=1546","name":"VOCABULAIRE ET JEUX - MOddou FLE","isPartOf":{"@id":"https:\/\/www.estudiodefrances.com\/#website"},"primaryImageOfPage":{"@id":"https:\/\/www.estudiodefrances.com\/?page_id=1546#primaryimage"},"image":{"@id":"https:\/\/www.estudiodefrances.com\/?page_id=1546#primaryimage"},"thumbnailUrl":"http:\/\/www.estudiodefrances.com\/wp-content\/uploads\/l-appartement1-300x229.png","datePublished":"2012-02-15T12:49:11+00:00","dateModified":"2022-10-11T06:16:16+00:00","breadcrumb":{"@id":"https:\/\/www.estudiodefrances.com\/?page_id=1546#breadcrumb"},"inLanguage":"fr-FR","potentialAction":[{"@type":"ReadAction","target":["https:\/\/www.estudiodefrances.com\/?page_id=1546"]}]},{"@type":"ImageObject","inLanguage":"fr-FR","@id":"https:\/\/www.estudiodefrances.com\/?page_id=1546#primaryimage","url":"https:\/\/www.estudiodefrances.com\/wp-content\/uploads\/l-appartement1.png","contentUrl":"https:\/\/www.estudiodefrances.com\/wp-content\/uploads\/l-appartement1.png","width":1892,"height":1448},{"@type":"BreadcrumbList","@id":"https:\/\/www.estudiodefrances.com\/?page_id=1546#breadcrumb","itemListElement":[{"@type":"ListItem","position":1,"name":"Accueil","item":"https:\/\/www.estudiodefrances.com\/"},{"@type":"ListItem","position":2,"name":"VOCABULAIRE ET JEUX"}]},{"@type":"WebSite","@id":"https:\/\/www.estudiodefrances.com\/#website","url":"https:\/\/www.estudiodefrances.com\/","name":"MOddou FLE","description":"Exercices et jeux pour apprendre le fran\u00e7ais","publisher":{"@id":"https:\/\/www.estudiodefrances.com\/#organization"},"potentialAction":[{"@type":"SearchAction","target":{"@type":"EntryPoint","urlTemplate":"https:\/\/www.estudiodefrances.com\/?s={search_term_string}"},"query-input":{"@type":"PropertyValueSpecification","valueRequired":true,"valueName":"search_term_string"}}],"inLanguage":"fr-FR"},{"@type":"Organization","@id":"https:\/\/www.estudiodefrances.com\/#organization","name":"MOddou FLE","url":"https:\/\/www.estudiodefrances.com\/","logo":{"@type":"ImageObject","inLanguage":"fr-FR","@id":"https:\/\/www.estudiodefrances.com\/#\/schema\/logo\/image\/","url":"https:\/\/www.estudiodefrances.com\/wp-content\/uploads\/cropped-Capture-de\u0301cran-2013-09-04-a\u0300-00.08.43-1.png","contentUrl":"https:\/\/www.estudiodefrances.com\/wp-content\/uploads\/cropped-Capture-de\u0301cran-2013-09-04-a\u0300-00.08.43-1.png","width":68,"height":79,"caption":"MOddou FLE"},"image":{"@id":"https:\/\/www.estudiodefrances.com\/#\/schema\/logo\/image\/"},"sameAs":["https:\/\/www.facebook.com\/moddouFLE\/","https:\/\/x.com\/moddou"]}]}},"_links":{"self":[{"href":"https:\/\/www.estudiodefrances.com\/index.php?rest_route=\/wp\/v2\/pages\/1546","targetHints":{"allow":["GET"]}}],"collection":[{"href":"https:\/\/www.estudiodefrances.com\/index.php?rest_route=\/wp\/v2\/pages"}],"about":[{"href":"https:\/\/www.estudiodefrances.com\/index.php?rest_route=\/wp\/v2\/types\/page"}],"author":[{"embeddable":true,"href":"https:\/\/www.estudiodefrances.com\/index.php?rest_route=\/wp\/v2\/users\/1"}],"replies":[{"embeddable":true,"href":"https:\/\/www.estudiodefrances.com\/index.php?rest_route=%2Fwp%2Fv2%2Fcomments&post=1546"}],"version-history":[{"count":36,"href":"https:\/\/www.estudiodefrances.com\/index.php?rest_route=\/wp\/v2\/pages\/1546\/revisions"}],"predecessor-version":[{"id":4441,"href":"https:\/\/www.estudiodefrances.com\/index.php?rest_route=\/wp\/v2\/pages\/1546\/revisions\/4441"}],"wp:attachment":[{"href":"https:\/\/www.estudiodefrances.com\/index.php?rest_route=%2Fwp%2Fv2%2Fmedia&parent=1546"}],"wp:term":[{"taxonomy":"category","embeddable":true,"href":"https:\/\/www.estudiodefrances.com\/index.php?rest_route=%2Fwp%2Fv2%2Fcategories&post=1546"},{"taxonomy":"post_tag","embeddable":true,"href":"https:\/\/www.estudiodefrances.com\/index.php?rest_route=%2Fwp%2Fv2%2Ftags&post=1546"}],"curies":[{"name":"wp","href":"https:\/\/api.w.org\/{rel}","templated":true}]}}