{"id":26,"date":"2010-06-21T21:58:28","date_gmt":"2010-06-21T19:58:28","guid":{"rendered":"http:\/\/www.estudiodefrances.com\/?page_id=26"},"modified":"2020-12-09T18:17:30","modified_gmt":"2020-12-09T16:17:30","slug":"phonetique","status":"publish","type":"page","link":"https:\/\/www.estudiodefrances.com\/?page_id=26","title":{"rendered":"PHON\u00c9TIQUE"},"content":{"rendered":"\n<iframe loading=\"lazy\" src=\"http:\/\/www.estudiodefrances.com\/alphabet\/sons-du-francais\/sonsdufrancais-alphabet.html\" allow=\"fullscreen\" width=\"900\" height=\"700\"><\/iframe>\n<p>&nbsp;<\/p>\n<p style=\"text-align: center;\"><a href=\"http:\/\/www.estudiodefrances.com\/alphabet\/sons-du-francais\/sonsdufrancais-alphabet.html\">PLEIN \u00c9CRAN<\/a><\/p>\n\n\n\n<figure class=\"wp-block-audio\"><audio controls src=\"https:\/\/www.estudiodefrances.com\/wp-content\/uploads\/alphabet.mp3\"><\/audio><figcaption>L&rsquo;alphabet fran\u00e7ais<\/figcaption><\/figure>\n\n\n\n<div class=\"wp-block-image\"><figure class=\"aligncenter size-large is-resized\"><img loading=\"lazy\" decoding=\"async\" src=\"http:\/\/www.estudiodefrances.com\/wp-content\/uploads\/Capture-de\u0301cran-2020-12-01-a\u0300-10.27.13-1024x658.png\" alt=\"Les voyelles nasales\" class=\"wp-image-3317\" width=\"699\" height=\"448\" srcset=\"https:\/\/www.estudiodefrances.com\/wp-content\/uploads\/Capture-de\u0301cran-2020-12-01-a\u0300-10.27.13-1024x658.png 1024w, https:\/\/www.estudiodefrances.com\/wp-content\/uploads\/Capture-de\u0301cran-2020-12-01-a\u0300-10.27.13-300x193.png 300w, https:\/\/www.estudiodefrances.com\/wp-content\/uploads\/Capture-de\u0301cran-2020-12-01-a\u0300-10.27.13-768x493.png 768w, https:\/\/www.estudiodefrances.com\/wp-content\/uploads\/Capture-de\u0301cran-2020-12-01-a\u0300-10.27.13.png 1442w\" sizes=\"auto, (max-width: 699px) 100vw, 699px\" \/><\/figure><\/div>\n\n\n\n<h2 class=\"wp-block-heading\"><\/h2>\n\n\n\n<h4 class=\"wp-block-heading\">Combien de voyelles nasales en fran\u00e7ais&nbsp;? Source : <a href=\"https:\/\/www.verbotonale-phonetique.com\/voyelles-nasales-fle\/#:~:text=consulter%20sur%20YouTube.-,Combien%20de%20voyelles%20nasales%20en%20fran%C3%A7ais%20%3F,profit%20du%20timbre%20%2F%C9%9B%CC%83%2F.\" target=\"_blank\" rel=\"noreferrer noopener\">cliquez ici<\/a><\/h4>\n\n\n\n<p>Dans son syst\u00e8me maximaliste, le fran\u00e7ais comprend 4 voyelles nasales: \/\u025b\u0303\/&nbsp;; \/\u0153\u0303\/&nbsp;; \/\u0254\u0303\/&nbsp;; \/\u0251\u0303\/.<\/p>\n\n\n\n<p>Ce syst\u00e8me peut \u00eatre ramen\u00e9 \u00e0 3 unit\u00e9s. L\u2019opposition \/\u025b\u0303\/&nbsp;\u2013 \/\u0153\u0303\/&nbsp;est en voie de disparition au profit du timbre \/\u025b\u0303\/.<\/p>\n\n\n\n<p>Pour le moment, il est important de mettre en place les trois phon\u00e8mes pour lesquelles l\u2019opposition est toujours bien observ\u00e9e par tous les Fran\u00e7ais&nbsp;: \/\u025b\u0303\/&nbsp;; \/\u0254\u0303\/&nbsp;; \/\u0251\u0303\/.<\/p>\n\n\n\n<p><\/p>\n","protected":false},"excerpt":{"rendered":"<p>&nbsp; PLEIN \u00c9CRAN Combien de voyelles nasales en fran\u00e7ais&nbsp;? Source : cliquez ici Dans son syst\u00e8me maximaliste, le fran\u00e7ais comprend 4 voyelles nasales: \/\u025b\u0303\/&nbsp;; \/\u0153\u0303\/&nbsp;; &hellip; <\/p>\n","protected":false},"author":1,"featured_media":0,"parent":0,"menu_order":3,"comment_status":"open","ping_status":"open","template":"","meta":{"_monsterinsights_skip_tracking":false,"_monsterinsights_sitenote_active":false,"_monsterinsights_sitenote_note":"","_monsterinsights_sitenote_category":0,"cybocfi_hide_featured_image":"","footnotes":""},"categories":[],"tags":[],"class_list":["post-26","page","type-page","status-publish","hentry"],"yoast_head":"<!-- This site is optimized with the Yoast SEO plugin v27.3 - https:\/\/yoast.com\/product\/yoast-seo-wordpress\/ -->\n<title>PHON\u00c9TIQUE - MOddou FLE<\/title>\n<meta name=\"robots\" content=\"index, follow, max-snippet:-1, max-image-preview:large, max-video-preview:-1\" \/>\n<link rel=\"canonical\" href=\"https:\/\/www.estudiodefrances.com\/?page_id=26\" \/>\n<meta property=\"og:locale\" content=\"fr_FR\" \/>\n<meta property=\"og:type\" content=\"article\" \/>\n<meta property=\"og:title\" content=\"PHON\u00c9TIQUE - MOddou FLE\" \/>\n<meta property=\"og:description\" content=\"&nbsp; PLEIN \u00c9CRAN Combien de voyelles nasales en fran\u00e7ais&nbsp;? Source : cliquez ici Dans son syst\u00e8me maximaliste, le fran\u00e7ais comprend 4 voyelles nasales: \/\u025b\u0303\/&nbsp;; \/\u0153\u0303\/&nbsp;; &hellip;\" \/>\n<meta property=\"og:url\" content=\"https:\/\/www.estudiodefrances.com\/?page_id=26\" \/>\n<meta property=\"og:site_name\" content=\"MOddou FLE\" \/>\n<meta property=\"article:publisher\" content=\"https:\/\/www.facebook.com\/moddouFLE\/\" \/>\n<meta property=\"article:modified_time\" content=\"2020-12-09T16:17:30+00:00\" \/>\n<meta name=\"twitter:card\" content=\"summary_large_image\" \/>\n<meta name=\"twitter:site\" content=\"@moddou\" \/>\n<script type=\"application\/ld+json\" class=\"yoast-schema-graph\">{\"@context\":\"https:\\\/\\\/schema.org\",\"@graph\":[{\"@type\":\"WebPage\",\"@id\":\"https:\\\/\\\/www.estudiodefrances.com\\\/?page_id=26\",\"url\":\"https:\\\/\\\/www.estudiodefrances.com\\\/?page_id=26\",\"name\":\"PHON\u00c9TIQUE - MOddou FLE\",\"isPartOf\":{\"@id\":\"https:\\\/\\\/www.estudiodefrances.com\\\/#website\"},\"datePublished\":\"2010-06-21T19:58:28+00:00\",\"dateModified\":\"2020-12-09T16:17:30+00:00\",\"breadcrumb\":{\"@id\":\"https:\\\/\\\/www.estudiodefrances.com\\\/?page_id=26#breadcrumb\"},\"inLanguage\":\"fr-FR\",\"potentialAction\":[{\"@type\":\"ReadAction\",\"target\":[\"https:\\\/\\\/www.estudiodefrances.com\\\/?page_id=26\"]}]},{\"@type\":\"BreadcrumbList\",\"@id\":\"https:\\\/\\\/www.estudiodefrances.com\\\/?page_id=26#breadcrumb\",\"itemListElement\":[{\"@type\":\"ListItem\",\"position\":1,\"name\":\"Accueil\",\"item\":\"https:\\\/\\\/www.estudiodefrances.com\\\/\"},{\"@type\":\"ListItem\",\"position\":2,\"name\":\"PHON\u00c9TIQUE\"}]},{\"@type\":\"WebSite\",\"@id\":\"https:\\\/\\\/www.estudiodefrances.com\\\/#website\",\"url\":\"https:\\\/\\\/www.estudiodefrances.com\\\/\",\"name\":\"MOddou FLE\",\"description\":\"Exercices et jeux pour apprendre le fran\u00e7ais\",\"publisher\":{\"@id\":\"https:\\\/\\\/www.estudiodefrances.com\\\/#organization\"},\"potentialAction\":[{\"@type\":\"SearchAction\",\"target\":{\"@type\":\"EntryPoint\",\"urlTemplate\":\"https:\\\/\\\/www.estudiodefrances.com\\\/?s={search_term_string}\"},\"query-input\":{\"@type\":\"PropertyValueSpecification\",\"valueRequired\":true,\"valueName\":\"search_term_string\"}}],\"inLanguage\":\"fr-FR\"},{\"@type\":\"Organization\",\"@id\":\"https:\\\/\\\/www.estudiodefrances.com\\\/#organization\",\"name\":\"MOddou FLE\",\"url\":\"https:\\\/\\\/www.estudiodefrances.com\\\/\",\"logo\":{\"@type\":\"ImageObject\",\"inLanguage\":\"fr-FR\",\"@id\":\"https:\\\/\\\/www.estudiodefrances.com\\\/#\\\/schema\\\/logo\\\/image\\\/\",\"url\":\"https:\\\/\\\/www.estudiodefrances.com\\\/wp-content\\\/uploads\\\/cropped-Capture-de\u0301cran-2013-09-04-a\u0300-00.08.43-1.png\",\"contentUrl\":\"https:\\\/\\\/www.estudiodefrances.com\\\/wp-content\\\/uploads\\\/cropped-Capture-de\u0301cran-2013-09-04-a\u0300-00.08.43-1.png\",\"width\":68,\"height\":79,\"caption\":\"MOddou FLE\"},\"image\":{\"@id\":\"https:\\\/\\\/www.estudiodefrances.com\\\/#\\\/schema\\\/logo\\\/image\\\/\"},\"sameAs\":[\"https:\\\/\\\/www.facebook.com\\\/moddouFLE\\\/\",\"https:\\\/\\\/x.com\\\/moddou\"]}]}<\/script>\n<!-- \/ Yoast SEO plugin. -->","yoast_head_json":{"title":"PHON\u00c9TIQUE - MOddou FLE","robots":{"index":"index","follow":"follow","max-snippet":"max-snippet:-1","max-image-preview":"max-image-preview:large","max-video-preview":"max-video-preview:-1"},"canonical":"https:\/\/www.estudiodefrances.com\/?page_id=26","og_locale":"fr_FR","og_type":"article","og_title":"PHON\u00c9TIQUE - MOddou FLE","og_description":"&nbsp; PLEIN \u00c9CRAN Combien de voyelles nasales en fran\u00e7ais&nbsp;? Source : cliquez ici Dans son syst\u00e8me maximaliste, le fran\u00e7ais comprend 4 voyelles nasales: \/\u025b\u0303\/&nbsp;; \/\u0153\u0303\/&nbsp;; &hellip;","og_url":"https:\/\/www.estudiodefrances.com\/?page_id=26","og_site_name":"MOddou FLE","article_publisher":"https:\/\/www.facebook.com\/moddouFLE\/","article_modified_time":"2020-12-09T16:17:30+00:00","twitter_card":"summary_large_image","twitter_site":"@moddou","schema":{"@context":"https:\/\/schema.org","@graph":[{"@type":"WebPage","@id":"https:\/\/www.estudiodefrances.com\/?page_id=26","url":"https:\/\/www.estudiodefrances.com\/?page_id=26","name":"PHON\u00c9TIQUE - MOddou FLE","isPartOf":{"@id":"https:\/\/www.estudiodefrances.com\/#website"},"datePublished":"2010-06-21T19:58:28+00:00","dateModified":"2020-12-09T16:17:30+00:00","breadcrumb":{"@id":"https:\/\/www.estudiodefrances.com\/?page_id=26#breadcrumb"},"inLanguage":"fr-FR","potentialAction":[{"@type":"ReadAction","target":["https:\/\/www.estudiodefrances.com\/?page_id=26"]}]},{"@type":"BreadcrumbList","@id":"https:\/\/www.estudiodefrances.com\/?page_id=26#breadcrumb","itemListElement":[{"@type":"ListItem","position":1,"name":"Accueil","item":"https:\/\/www.estudiodefrances.com\/"},{"@type":"ListItem","position":2,"name":"PHON\u00c9TIQUE"}]},{"@type":"WebSite","@id":"https:\/\/www.estudiodefrances.com\/#website","url":"https:\/\/www.estudiodefrances.com\/","name":"MOddou FLE","description":"Exercices et jeux pour apprendre le fran\u00e7ais","publisher":{"@id":"https:\/\/www.estudiodefrances.com\/#organization"},"potentialAction":[{"@type":"SearchAction","target":{"@type":"EntryPoint","urlTemplate":"https:\/\/www.estudiodefrances.com\/?s={search_term_string}"},"query-input":{"@type":"PropertyValueSpecification","valueRequired":true,"valueName":"search_term_string"}}],"inLanguage":"fr-FR"},{"@type":"Organization","@id":"https:\/\/www.estudiodefrances.com\/#organization","name":"MOddou FLE","url":"https:\/\/www.estudiodefrances.com\/","logo":{"@type":"ImageObject","inLanguage":"fr-FR","@id":"https:\/\/www.estudiodefrances.com\/#\/schema\/logo\/image\/","url":"https:\/\/www.estudiodefrances.com\/wp-content\/uploads\/cropped-Capture-de\u0301cran-2013-09-04-a\u0300-00.08.43-1.png","contentUrl":"https:\/\/www.estudiodefrances.com\/wp-content\/uploads\/cropped-Capture-de\u0301cran-2013-09-04-a\u0300-00.08.43-1.png","width":68,"height":79,"caption":"MOddou FLE"},"image":{"@id":"https:\/\/www.estudiodefrances.com\/#\/schema\/logo\/image\/"},"sameAs":["https:\/\/www.facebook.com\/moddouFLE\/","https:\/\/x.com\/moddou"]}]}},"_links":{"self":[{"href":"https:\/\/www.estudiodefrances.com\/index.php?rest_route=\/wp\/v2\/pages\/26","targetHints":{"allow":["GET"]}}],"collection":[{"href":"https:\/\/www.estudiodefrances.com\/index.php?rest_route=\/wp\/v2\/pages"}],"about":[{"href":"https:\/\/www.estudiodefrances.com\/index.php?rest_route=\/wp\/v2\/types\/page"}],"author":[{"embeddable":true,"href":"https:\/\/www.estudiodefrances.com\/index.php?rest_route=\/wp\/v2\/users\/1"}],"replies":[{"embeddable":true,"href":"https:\/\/www.estudiodefrances.com\/index.php?rest_route=%2Fwp%2Fv2%2Fcomments&post=26"}],"version-history":[{"count":45,"href":"https:\/\/www.estudiodefrances.com\/index.php?rest_route=\/wp\/v2\/pages\/26\/revisions"}],"predecessor-version":[{"id":3554,"href":"https:\/\/www.estudiodefrances.com\/index.php?rest_route=\/wp\/v2\/pages\/26\/revisions\/3554"}],"wp:attachment":[{"href":"https:\/\/www.estudiodefrances.com\/index.php?rest_route=%2Fwp%2Fv2%2Fmedia&parent=26"}],"wp:term":[{"taxonomy":"category","embeddable":true,"href":"https:\/\/www.estudiodefrances.com\/index.php?rest_route=%2Fwp%2Fv2%2Fcategories&post=26"},{"taxonomy":"post_tag","embeddable":true,"href":"https:\/\/www.estudiodefrances.com\/index.php?rest_route=%2Fwp%2Fv2%2Ftags&post=26"}],"curies":[{"name":"wp","href":"https:\/\/api.w.org\/{rel}","templated":true}]}}