{"id":4872,"date":"2023-10-16T07:49:54","date_gmt":"2023-10-16T05:49:54","guid":{"rendered":"https:\/\/www.estudiodefrances.com\/?page_id=4872"},"modified":"2026-02-01T07:54:01","modified_gmt":"2026-02-01T05:54:01","slug":"delf-dalf","status":"publish","type":"page","link":"https:\/\/www.estudiodefrances.com\/?page_id=4872","title":{"rendered":"DELF-DALF"},"content":{"rendered":"\n<p><strong>Le DELF est<\/strong> un Dipl\u00f4me d&rsquo;\u00c9tudes en Langue Fran\u00e7aise qui existe pour les niveaux basiques et interm\u00e9diaires : A1, A2, B1 et B2. <strong>Le DALF est<\/strong> un Dipl\u00f4me Approfondi en Langue Fran\u00e7aise qui existe pour les niveaux avanc\u00e9s : C1 et C2. Chaque examen \u00e9value les quatre comp\u00e9tences linguistiques : la compr\u00e9hension orale, la compr\u00e9hension \u00e9crite, la production \u00e9crite et la production orale. Les sujets des examens couvrent des th\u00e8mes vari\u00e9s, allant des sujets de la vie quotidienne \u00e0 des sujets plus complexes et abstraits.<\/p>\n\n\n\n<p>Ces dipl\u00f4mes offrent une reconnaissance officielle du niveau de comp\u00e9tence en fran\u00e7ais et peuvent \u00eatre un atout dans un parcours acad\u00e9mique ou professionnel international. De plus, ils permettent aux candidats de se situer par rapport au Cadre europ\u00e9en commun de r\u00e9f\u00e9rence pour les langues (CECRL), qui d\u00e9finit les niveaux de ma\u00eetrise d&rsquo;une langue \u00e9trang\u00e8re.<br><br>Pour en savoir plus visiter le <a href=\"https:\/\/www.france-education-international.fr\/article\/informations-pratiques-pour-les-candidats-au-delf-dalf\">site officiel FEI <\/a>(France Education International)<\/p>\n\n\n\n<p>Para hispan\u00f3fonos <\/p>\n\n\n\n<iframe loading=\"lazy\" width=\"560\" height=\"315\" src=\"https:\/\/www.youtube.com\/embed\/vLQo-0-NLjs?si=WlkakAxPY38dduJ5\" title=\"YouTube video player\" frameborder=\"0\" allow=\"accelerometer; autoplay; clipboard-write; encrypted-media; gyroscope; picture-in-picture; web-share\" allowfullscreen><\/iframe>\n\n\n\n<h2 class=\"wp-block-heading\">Les niveaux du DELF<\/h2>\n\n\n\n<ul class=\"wp-block-list\">\n<li>A1 : Ce niveau correspond \u00e0 une ma\u00eetrise \u00e9l\u00e9mentaire de la langue. Les candidats peuvent comprendre et utiliser des expressions famili\u00e8res de la vie courante ainsi que des phrases simples.<\/li>\n\n\n\n<li>A2 : \u00c0 ce niveau, les candidats sont capables de communiquer dans des situations simples et courantes n\u00e9cessitant un \u00e9change direct et simple d&rsquo;informations sur des sujets familiers.<\/li>\n\n\n\n<li>B1 : Ce niveau refl\u00e8te une comp\u00e9tence interm\u00e9diaire. Les candidats peuvent se d\u00e9brouiller dans la plupart des situations rencontr\u00e9es lors de voyages dans un pays francophone.<\/li>\n\n\n\n<li>B2 : Il s&rsquo;agit du niveau interm\u00e9diaire avanc\u00e9, o\u00f9 les candidats peuvent communiquer de mani\u00e8re claire et d\u00e9taill\u00e9e sur de nombreux sujets, et exprimer leurs opinions.<\/li>\n<\/ul>\n\n\n\n<h2 class=\"wp-block-heading\">Les niveaux du DALF<\/h2>\n\n\n\n<ul class=\"wp-block-list\">\n<li>C1 : \u00c0 ce niveau, les candidats sont capables de comprendre une grande gamme de textes longs et exigeants, ainsi que de saisir des significations implicites. Ils peuvent s&rsquo;exprimer spontan\u00e9ment et couramment sans trop d&rsquo;efforts.<\/li>\n\n\n\n<li>C2 : C&rsquo;est le niveau de ma\u00eetrise de la langue fran\u00e7aise le plus \u00e9lev\u00e9. Les candidats d\u00e9montrent une ma\u00eetrise totale de la langue, peuvent s&rsquo;exprimer de mani\u00e8re fluide, pr\u00e9cise et appropri\u00e9e dans toutes les situations.<\/li>\n<\/ul>\n","protected":false},"excerpt":{"rendered":"<p>Le DELF est un Dipl\u00f4me d&rsquo;\u00c9tudes en Langue Fran\u00e7aise qui existe pour les niveaux basiques et interm\u00e9diaires : A1, A2, B1 et B2. Le DALF &hellip; <\/p>\n","protected":false},"author":1,"featured_media":4873,"parent":0,"menu_order":0,"comment_status":"closed","ping_status":"closed","template":"","meta":{"_monsterinsights_skip_tracking":false,"_monsterinsights_sitenote_active":false,"_monsterinsights_sitenote_note":"","_monsterinsights_sitenote_category":0,"cybocfi_hide_featured_image":"yes","footnotes":""},"categories":[139],"tags":[77,76,141,140],"class_list":["post-4872","page","type-page","status-publish","has-post-thumbnail","hentry","category-eaxmens-delf-et-dalf","tag-dalf","tag-delf","tag-examenes","tag-examens"],"yoast_head":"<!-- This site is optimized with the Yoast SEO plugin v27.5 - https:\/\/yoast.com\/product\/yoast-seo-wordpress\/ -->\n<title>DELF-DALF - MOddou FLE<\/title>\n<meta name=\"description\" content=\"DELF est un Dipl\u00f4me d&#039;\u00c9tudes en Langue Fran\u00e7aise pour les niveaux : A1, A2, B1 et B2. DALF est le Dipl\u00f4me Approfondi en Langue Fran\u00e7aise\" \/>\n<meta name=\"robots\" content=\"index, follow, max-snippet:-1, max-image-preview:large, max-video-preview:-1\" \/>\n<link rel=\"canonical\" href=\"https:\/\/www.estudiodefrances.com\/?page_id=4872\" \/>\n<meta property=\"og:locale\" content=\"fr_FR\" \/>\n<meta property=\"og:type\" content=\"article\" \/>\n<meta property=\"og:title\" content=\"DELF-DALF - MOddou FLE\" \/>\n<meta property=\"og:description\" content=\"DELF est un Dipl\u00f4me d&#039;\u00c9tudes en Langue Fran\u00e7aise pour les niveaux : A1, A2, B1 et B2. DALF est le Dipl\u00f4me Approfondi en Langue Fran\u00e7aise\" \/>\n<meta property=\"og:url\" content=\"https:\/\/www.estudiodefrances.com\/?page_id=4872\" \/>\n<meta property=\"og:site_name\" content=\"MOddou FLE\" \/>\n<meta property=\"article:publisher\" content=\"https:\/\/www.facebook.com\/moddouFLE\/\" \/>\n<meta property=\"article:modified_time\" content=\"2026-02-01T05:54:01+00:00\" \/>\n<meta property=\"og:image\" content=\"https:\/\/www.estudiodefrances.com\/wp-content\/uploads\/delf-dalf.jpg\" \/>\n\t<meta property=\"og:image:width\" content=\"1936\" \/>\n\t<meta property=\"og:image:height\" content=\"1008\" \/>\n\t<meta property=\"og:image:type\" content=\"image\/jpeg\" \/>\n<meta name=\"twitter:card\" content=\"summary_large_image\" \/>\n<meta name=\"twitter:site\" content=\"@moddou\" \/>\n<meta name=\"twitter:label1\" content=\"Dur\u00e9e de lecture estim\u00e9e\" \/>\n\t<meta name=\"twitter:data1\" content=\"2 minutes\" \/>\n<script type=\"application\/ld+json\" class=\"yoast-schema-graph\">{\"@context\":\"https:\\\/\\\/schema.org\",\"@graph\":[{\"@type\":\"WebPage\",\"@id\":\"https:\\\/\\\/www.estudiodefrances.com\\\/?page_id=4872\",\"url\":\"https:\\\/\\\/www.estudiodefrances.com\\\/?page_id=4872\",\"name\":\"DELF-DALF - MOddou FLE\",\"isPartOf\":{\"@id\":\"https:\\\/\\\/www.estudiodefrances.com\\\/#website\"},\"primaryImageOfPage\":{\"@id\":\"https:\\\/\\\/www.estudiodefrances.com\\\/?page_id=4872#primaryimage\"},\"image\":{\"@id\":\"https:\\\/\\\/www.estudiodefrances.com\\\/?page_id=4872#primaryimage\"},\"thumbnailUrl\":\"https:\\\/\\\/www.estudiodefrances.com\\\/wp-content\\\/uploads\\\/delf-dalf.jpg\",\"datePublished\":\"2023-10-16T05:49:54+00:00\",\"dateModified\":\"2026-02-01T05:54:01+00:00\",\"description\":\"DELF est un Dipl\u00f4me d'\u00c9tudes en Langue Fran\u00e7aise pour les niveaux : A1, A2, B1 et B2. DALF est le Dipl\u00f4me Approfondi en Langue Fran\u00e7aise\",\"breadcrumb\":{\"@id\":\"https:\\\/\\\/www.estudiodefrances.com\\\/?page_id=4872#breadcrumb\"},\"inLanguage\":\"fr-FR\",\"potentialAction\":[{\"@type\":\"ReadAction\",\"target\":[\"https:\\\/\\\/www.estudiodefrances.com\\\/?page_id=4872\"]}]},{\"@type\":\"BreadcrumbList\",\"@id\":\"https:\\\/\\\/www.estudiodefrances.com\\\/?page_id=4872#breadcrumb\",\"itemListElement\":[{\"@type\":\"ListItem\",\"position\":1,\"name\":\"Accueil\",\"item\":\"https:\\\/\\\/www.estudiodefrances.com\\\/\"},{\"@type\":\"ListItem\",\"position\":2,\"name\":\"DELF-DALF\"}]},{\"@type\":\"WebSite\",\"@id\":\"https:\\\/\\\/www.estudiodefrances.com\\\/#website\",\"url\":\"https:\\\/\\\/www.estudiodefrances.com\\\/\",\"name\":\"MOddou FLE\",\"description\":\"Exercices et jeux pour apprendre le fran\u00e7ais\",\"publisher\":{\"@id\":\"https:\\\/\\\/www.estudiodefrances.com\\\/#organization\"},\"potentialAction\":[{\"@type\":\"SearchAction\",\"target\":{\"@type\":\"EntryPoint\",\"urlTemplate\":\"https:\\\/\\\/www.estudiodefrances.com\\\/?s={search_term_string}\"},\"query-input\":{\"@type\":\"PropertyValueSpecification\",\"valueRequired\":true,\"valueName\":\"search_term_string\"}}],\"inLanguage\":\"fr-FR\"},{\"@type\":\"Organization\",\"@id\":\"https:\\\/\\\/www.estudiodefrances.com\\\/#organization\",\"name\":\"MOddou FLE\",\"url\":\"https:\\\/\\\/www.estudiodefrances.com\\\/\",\"logo\":{\"@type\":\"ImageObject\",\"inLanguage\":\"fr-FR\",\"@id\":\"https:\\\/\\\/www.estudiodefrances.com\\\/#\\\/schema\\\/logo\\\/image\\\/\",\"url\":\"https:\\\/\\\/www.estudiodefrances.com\\\/wp-content\\\/uploads\\\/cropped-Capture-de\u0301cran-2013-09-04-a\u0300-00.08.43-1.png\",\"contentUrl\":\"https:\\\/\\\/www.estudiodefrances.com\\\/wp-content\\\/uploads\\\/cropped-Capture-de\u0301cran-2013-09-04-a\u0300-00.08.43-1.png\",\"width\":68,\"height\":79,\"caption\":\"MOddou FLE\"},\"image\":{\"@id\":\"https:\\\/\\\/www.estudiodefrances.com\\\/#\\\/schema\\\/logo\\\/image\\\/\"},\"sameAs\":[\"https:\\\/\\\/www.facebook.com\\\/moddouFLE\\\/\",\"https:\\\/\\\/x.com\\\/moddou\"]}]}<\/script>\n<!-- \/ Yoast SEO plugin. -->","yoast_head_json":{"title":"DELF-DALF - MOddou FLE","description":"DELF est un Dipl\u00f4me d'\u00c9tudes en Langue Fran\u00e7aise pour les niveaux : A1, A2, B1 et B2. DALF est le Dipl\u00f4me Approfondi en Langue Fran\u00e7aise","robots":{"index":"index","follow":"follow","max-snippet":"max-snippet:-1","max-image-preview":"max-image-preview:large","max-video-preview":"max-video-preview:-1"},"canonical":"https:\/\/www.estudiodefrances.com\/?page_id=4872","og_locale":"fr_FR","og_type":"article","og_title":"DELF-DALF - MOddou FLE","og_description":"DELF est un Dipl\u00f4me d'\u00c9tudes en Langue Fran\u00e7aise pour les niveaux : A1, A2, B1 et B2. DALF est le Dipl\u00f4me Approfondi en Langue Fran\u00e7aise","og_url":"https:\/\/www.estudiodefrances.com\/?page_id=4872","og_site_name":"MOddou FLE","article_publisher":"https:\/\/www.facebook.com\/moddouFLE\/","article_modified_time":"2026-02-01T05:54:01+00:00","og_image":[{"width":1936,"height":1008,"url":"https:\/\/www.estudiodefrances.com\/wp-content\/uploads\/delf-dalf.jpg","type":"image\/jpeg"}],"twitter_card":"summary_large_image","twitter_site":"@moddou","twitter_misc":{"Dur\u00e9e de lecture estim\u00e9e":"2 minutes"},"schema":{"@context":"https:\/\/schema.org","@graph":[{"@type":"WebPage","@id":"https:\/\/www.estudiodefrances.com\/?page_id=4872","url":"https:\/\/www.estudiodefrances.com\/?page_id=4872","name":"DELF-DALF - MOddou FLE","isPartOf":{"@id":"https:\/\/www.estudiodefrances.com\/#website"},"primaryImageOfPage":{"@id":"https:\/\/www.estudiodefrances.com\/?page_id=4872#primaryimage"},"image":{"@id":"https:\/\/www.estudiodefrances.com\/?page_id=4872#primaryimage"},"thumbnailUrl":"https:\/\/www.estudiodefrances.com\/wp-content\/uploads\/delf-dalf.jpg","datePublished":"2023-10-16T05:49:54+00:00","dateModified":"2026-02-01T05:54:01+00:00","description":"DELF est un Dipl\u00f4me d'\u00c9tudes en Langue Fran\u00e7aise pour les niveaux : A1, A2, B1 et B2. DALF est le Dipl\u00f4me Approfondi en Langue Fran\u00e7aise","breadcrumb":{"@id":"https:\/\/www.estudiodefrances.com\/?page_id=4872#breadcrumb"},"inLanguage":"fr-FR","potentialAction":[{"@type":"ReadAction","target":["https:\/\/www.estudiodefrances.com\/?page_id=4872"]}]},{"@type":"BreadcrumbList","@id":"https:\/\/www.estudiodefrances.com\/?page_id=4872#breadcrumb","itemListElement":[{"@type":"ListItem","position":1,"name":"Accueil","item":"https:\/\/www.estudiodefrances.com\/"},{"@type":"ListItem","position":2,"name":"DELF-DALF"}]},{"@type":"WebSite","@id":"https:\/\/www.estudiodefrances.com\/#website","url":"https:\/\/www.estudiodefrances.com\/","name":"MOddou FLE","description":"Exercices et jeux pour apprendre le fran\u00e7ais","publisher":{"@id":"https:\/\/www.estudiodefrances.com\/#organization"},"potentialAction":[{"@type":"SearchAction","target":{"@type":"EntryPoint","urlTemplate":"https:\/\/www.estudiodefrances.com\/?s={search_term_string}"},"query-input":{"@type":"PropertyValueSpecification","valueRequired":true,"valueName":"search_term_string"}}],"inLanguage":"fr-FR"},{"@type":"Organization","@id":"https:\/\/www.estudiodefrances.com\/#organization","name":"MOddou FLE","url":"https:\/\/www.estudiodefrances.com\/","logo":{"@type":"ImageObject","inLanguage":"fr-FR","@id":"https:\/\/www.estudiodefrances.com\/#\/schema\/logo\/image\/","url":"https:\/\/www.estudiodefrances.com\/wp-content\/uploads\/cropped-Capture-de\u0301cran-2013-09-04-a\u0300-00.08.43-1.png","contentUrl":"https:\/\/www.estudiodefrances.com\/wp-content\/uploads\/cropped-Capture-de\u0301cran-2013-09-04-a\u0300-00.08.43-1.png","width":68,"height":79,"caption":"MOddou FLE"},"image":{"@id":"https:\/\/www.estudiodefrances.com\/#\/schema\/logo\/image\/"},"sameAs":["https:\/\/www.facebook.com\/moddouFLE\/","https:\/\/x.com\/moddou"]}]}},"_links":{"self":[{"href":"https:\/\/www.estudiodefrances.com\/index.php?rest_route=\/wp\/v2\/pages\/4872","targetHints":{"allow":["GET"]}}],"collection":[{"href":"https:\/\/www.estudiodefrances.com\/index.php?rest_route=\/wp\/v2\/pages"}],"about":[{"href":"https:\/\/www.estudiodefrances.com\/index.php?rest_route=\/wp\/v2\/types\/page"}],"author":[{"embeddable":true,"href":"https:\/\/www.estudiodefrances.com\/index.php?rest_route=\/wp\/v2\/users\/1"}],"replies":[{"embeddable":true,"href":"https:\/\/www.estudiodefrances.com\/index.php?rest_route=%2Fwp%2Fv2%2Fcomments&post=4872"}],"version-history":[{"count":12,"href":"https:\/\/www.estudiodefrances.com\/index.php?rest_route=\/wp\/v2\/pages\/4872\/revisions"}],"predecessor-version":[{"id":5751,"href":"https:\/\/www.estudiodefrances.com\/index.php?rest_route=\/wp\/v2\/pages\/4872\/revisions\/5751"}],"wp:featuredmedia":[{"embeddable":true,"href":"https:\/\/www.estudiodefrances.com\/index.php?rest_route=\/wp\/v2\/media\/4873"}],"wp:attachment":[{"href":"https:\/\/www.estudiodefrances.com\/index.php?rest_route=%2Fwp%2Fv2%2Fmedia&parent=4872"}],"wp:term":[{"taxonomy":"category","embeddable":true,"href":"https:\/\/www.estudiodefrances.com\/index.php?rest_route=%2Fwp%2Fv2%2Fcategories&post=4872"},{"taxonomy":"post_tag","embeddable":true,"href":"https:\/\/www.estudiodefrances.com\/index.php?rest_route=%2Fwp%2Fv2%2Ftags&post=4872"}],"curies":[{"name":"wp","href":"https:\/\/api.w.org\/{rel}","templated":true}]}}