{"id":6,"date":"2010-06-21T18:57:20","date_gmt":"2010-06-21T16:57:20","guid":{"rendered":"http:\/\/www.estudiodefrances.com\/?page_id=6"},"modified":"2022-10-11T13:19:43","modified_gmt":"2022-10-11T11:19:43","slug":"grammaire","status":"publish","type":"page","link":"https:\/\/www.estudiodefrances.com\/?page_id=6","title":{"rendered":"CONJUGAISON"},"content":{"rendered":"<p style=\"text-align: center;\">\u00a0<\/p>\n<p><a href=\"http:\/\/www.estudiodefrances.com\/fle-html5\/passe-compose\/passe-compose-menu.html\">Le pass\u00e9 compos\u00e9 &#8211; CLIQUEZ ICI<\/a><\/p>\n<p id=\"pasgras\">On emploie le pass\u00e9 compos\u00e9 pour une action qui ne dure pas, ponctuelle, courte.<br \/>Formation : <span class=\"f\">\u00eatre ou avoir au pr\u00e9sent + participe pass\u00e9 du verbe.<\/span><br \/>&#8211; <span class=\"bleuciel\">Avec avoir<\/span> : la plupart des verbes.<br \/>&#8211; <span class=\"rose\">Avec \u00eatre<\/span> : les verbes pronominaux (se promener, se montrer&#8230;) + aller, arriver, na\u00eetre, mourir, partir, rester, tomber, revenir&#8230; Accord avec le sujet : <span class=\"rose\">elle<\/span> est part<span class=\"rouge\">i<span class=\"epais\">e<\/span><\/span><\/p>\n<p><span style=\"color: #3366ff;\">Le plus-que-parfait<\/span><\/p>\n<p>Il exprime un fait pass\u00e9 qui a lieu avant un autre fait pass\u00e9 (au pass\u00e9 compos\u00e9, \u00e0 l&rsquo;imparfait ou au pass\u00e9 simple). C&rsquo;est le pass\u00e9 du pass\u00e9. Formation : auxiliaire \u00eatre ou avoir \u00e0 l&rsquo;imparfait + participe pass\u00e9.<\/p>\n<p><a href=\"http:\/\/www.estudiodefrances.com\/?p=3324\">Futur simple\u00a0 &#8211; CLIQUEZ ICI<\/a><\/p>\n<p>Le futur simple se forme \u00e0 partir de l&rsquo;infinitif + terminaisons suivantes :<b class=\"rose\"><span class=\"rouge\">-AI; -AS; -A; -ONS; -EZ; -ONT<br \/><\/span><\/b>Cas particuliers : \u00catre : je serai &#8211; Avoir : j&rsquo;aurai &#8211; Faire : je ferai Aller : j&rsquo;irai &#8211; Venir : je viendrai &#8211; Voir : je verrai Pouvoir : je pourrai<\/p>\n\n\n<p><a href=\"http:\/\/www.estudiodefrances.com\/fle-html5\/conjugaison\/present-s-amuser.html\">Pr\u00e9sent du verbe s&rsquo;amuser (verbe pronominal) &#8211; CLIQUEZ ICI<\/a><\/p>\n\n\n\n<p><\/p>\n\n\n\n<figure class=\"wp-block-audio\"><audio controls src=\"http:\/\/www.estudiodefrances.com\/wp-content\/uploads\/presentparler.mp3\"><\/audio><figcaption><strong><span class=\"has-inline-color has-luminous-vivid-orange-color\">Pr\u00e9sent du verbe parler<\/span> <\/strong>: <br>J<span class=\"has-inline-color has-black-color\">e parle, tu parles, il\/elle parle, nous parlons, vous parlez, ils\/elles parlent<\/span><\/figcaption><\/figure>\n\n\n\n<figure class=\"wp-block-audio\"><audio controls src=\"http:\/\/www.estudiodefrances.com\/wp-content\/uploads\/samuser-ton-amusant.mp3\"><\/audio><figcaption><mark style=\"background-color:rgba(0, 0, 0, 0)\" class=\"has-inline-color has-luminous-vivid-orange-color\"><strong>Pr\u00e9sent du verbe s&rsquo;amuser<\/strong><\/mark> : <br>Je m&rsquo;amuse, tu t&rsquo;amuses, il\/elle s&rsquo;amuse, nous nous amusons, vous vous amusez, ils\/elles s&rsquo;amusent<\/figcaption><\/figure>\n\n\n\n<figure class=\"wp-block-audio\"><audio controls src=\"http:\/\/www.estudiodefrances.com\/wp-content\/uploads\/parler-au-passe-compose.mp3\"><\/audio><figcaption><mark style=\"background-color:rgba(0, 0, 0, 0)\" class=\"has-inline-color has-luminous-vivid-orange-color\"><strong>Pass\u00e9 compos\u00e9 du verbe parler<\/strong><\/mark><br>J&rsquo;ai parl\u00e9, tu as parl\u00e9, il\/elle a parl\u00e9, nous avons parl\u00e9, vous avez parl\u00e9, ils\/elles ont parl\u00e9<\/figcaption><\/figure>\n\n\n\n<figure class=\"wp-block-audio\"><audio controls src=\"http:\/\/www.estudiodefrances.com\/wp-content\/uploads\/partir-passe-compose.mp3\"><\/audio><figcaption><mark style=\"background-color:rgba(0, 0, 0, 0)\" class=\"has-inline-color has-luminous-vivid-orange-color\"><strong>Pass\u00e9 compos\u00e9 du verbe partir<\/strong><\/mark><br>Je suis parti(e), tu es parti(e), elle est partie, il est parti, nous sommes parti(e)s, vous \u00eates parti(e)s, elle sont parties, ils sont partis<\/figcaption><\/figure>\n\n\n\n<figure class=\"wp-block-audio\"><audio controls src=\"https:\/\/www.estudiodefrances.com\/wp-content\/uploads\/verbe-1.mp3\"><\/audio><figcaption><strong><span class=\"has-inline-color has-luminous-vivid-orange-color\">Verbe avoir \u00e0 l&rsquo;imparfait<\/span><\/strong><br>J&rsquo;avais, tu avais, il\/elle avait, nous avions, vous aviez, ils\/elles avaient<\/figcaption><\/figure>\n\n\n\n<figure class=\"wp-block-audio\"><audio controls src=\"https:\/\/www.estudiodefrances.com\/wp-content\/uploads\/verbe.mp3\"><\/audio><figcaption><strong><span class=\"has-inline-color has-luminous-vivid-orange-color\">Plus-que-parfait du verbe aimer<\/span><\/strong><br>J&rsquo;avais aim\u00e9, tu avais aim\u00e9, il\/elle avait aim\u00e9, nous avions aim\u00e9, vous aviez aim\u00e9, ils\/elles ont aim\u00e9<\/figcaption><\/figure>\n\n\n\n<figure class=\"wp-block-audio\"><audio controls src=\"http:\/\/www.estudiodefrances.com\/wp-content\/uploads\/futur-parler.mp3\"><\/audio><figcaption><strong><span class=\"has-inline-color has-luminous-vivid-orange-color\">Futur simple du verbe parler<\/span><\/strong><br>Je parlerai, tu parleras, il\/elle parlera, nous parlerons, vous parlerez, ils\/elles parleront<\/figcaption><\/figure>\n\n\n\n<figure class=\"wp-block-audio\"><audio controls src=\"https:\/\/www.estudiodefrances.com\/wp-content\/uploads\/verbeconjugue.mp3\"><\/audio><figcaption><strong><span class=\"has-inline-color has-luminous-vivid-orange-color\">Conditionnel du verbe \u00eatre<\/span><\/strong><br>Je serais, tu serais, il\/elle serait, nous serions, vous seriez, ils\/elles seraient<\/figcaption><\/figure>\n\n\n\n<p><\/p>\n\n\n\n<p><\/p>\n","protected":false},"excerpt":{"rendered":"<p>\u00a0 Le pass\u00e9 compos\u00e9 &#8211; CLIQUEZ ICI On emploie le pass\u00e9 compos\u00e9 pour une action qui ne dure pas, ponctuelle, courte.Formation : \u00eatre ou avoir &hellip; <\/p>\n","protected":false},"author":1,"featured_media":0,"parent":0,"menu_order":2,"comment_status":"open","ping_status":"open","template":"","meta":{"_monsterinsights_skip_tracking":false,"_monsterinsights_sitenote_active":false,"_monsterinsights_sitenote_note":"","_monsterinsights_sitenote_category":0,"cybocfi_hide_featured_image":"","footnotes":""},"categories":[],"tags":[],"class_list":["post-6","page","type-page","status-publish","hentry"],"yoast_head":"<!-- This site is optimized with the Yoast SEO plugin v27.3 - https:\/\/yoast.com\/product\/yoast-seo-wordpress\/ -->\n<title>CONJUGAISON - MOddou FLE<\/title>\n<meta name=\"robots\" content=\"index, follow, max-snippet:-1, max-image-preview:large, max-video-preview:-1\" \/>\n<link rel=\"canonical\" href=\"https:\/\/www.estudiodefrances.com\/?page_id=6\" \/>\n<meta property=\"og:locale\" content=\"fr_FR\" \/>\n<meta property=\"og:type\" content=\"article\" \/>\n<meta property=\"og:title\" content=\"CONJUGAISON - MOddou FLE\" \/>\n<meta property=\"og:description\" content=\"\u00a0 Le pass\u00e9 compos\u00e9 &#8211; CLIQUEZ ICI On emploie le pass\u00e9 compos\u00e9 pour une action qui ne dure pas, ponctuelle, courte.Formation : \u00eatre ou avoir &hellip;\" \/>\n<meta property=\"og:url\" content=\"https:\/\/www.estudiodefrances.com\/?page_id=6\" \/>\n<meta property=\"og:site_name\" content=\"MOddou FLE\" \/>\n<meta property=\"article:publisher\" content=\"https:\/\/www.facebook.com\/moddouFLE\/\" \/>\n<meta property=\"article:modified_time\" content=\"2022-10-11T11:19:43+00:00\" \/>\n<meta name=\"twitter:card\" content=\"summary_large_image\" \/>\n<meta name=\"twitter:site\" content=\"@moddou\" \/>\n<meta name=\"twitter:label1\" content=\"Dur\u00e9e de lecture estim\u00e9e\" \/>\n\t<meta name=\"twitter:data1\" content=\"2 minutes\" \/>\n<script type=\"application\/ld+json\" class=\"yoast-schema-graph\">{\"@context\":\"https:\\\/\\\/schema.org\",\"@graph\":[{\"@type\":\"WebPage\",\"@id\":\"https:\\\/\\\/www.estudiodefrances.com\\\/?page_id=6\",\"url\":\"https:\\\/\\\/www.estudiodefrances.com\\\/?page_id=6\",\"name\":\"CONJUGAISON - MOddou FLE\",\"isPartOf\":{\"@id\":\"https:\\\/\\\/www.estudiodefrances.com\\\/#website\"},\"datePublished\":\"2010-06-21T16:57:20+00:00\",\"dateModified\":\"2022-10-11T11:19:43+00:00\",\"breadcrumb\":{\"@id\":\"https:\\\/\\\/www.estudiodefrances.com\\\/?page_id=6#breadcrumb\"},\"inLanguage\":\"fr-FR\",\"potentialAction\":[{\"@type\":\"ReadAction\",\"target\":[\"https:\\\/\\\/www.estudiodefrances.com\\\/?page_id=6\"]}]},{\"@type\":\"BreadcrumbList\",\"@id\":\"https:\\\/\\\/www.estudiodefrances.com\\\/?page_id=6#breadcrumb\",\"itemListElement\":[{\"@type\":\"ListItem\",\"position\":1,\"name\":\"Accueil\",\"item\":\"https:\\\/\\\/www.estudiodefrances.com\\\/\"},{\"@type\":\"ListItem\",\"position\":2,\"name\":\"CONJUGAISON\"}]},{\"@type\":\"WebSite\",\"@id\":\"https:\\\/\\\/www.estudiodefrances.com\\\/#website\",\"url\":\"https:\\\/\\\/www.estudiodefrances.com\\\/\",\"name\":\"MOddou FLE\",\"description\":\"Exercices et jeux pour apprendre le fran\u00e7ais\",\"publisher\":{\"@id\":\"https:\\\/\\\/www.estudiodefrances.com\\\/#organization\"},\"potentialAction\":[{\"@type\":\"SearchAction\",\"target\":{\"@type\":\"EntryPoint\",\"urlTemplate\":\"https:\\\/\\\/www.estudiodefrances.com\\\/?s={search_term_string}\"},\"query-input\":{\"@type\":\"PropertyValueSpecification\",\"valueRequired\":true,\"valueName\":\"search_term_string\"}}],\"inLanguage\":\"fr-FR\"},{\"@type\":\"Organization\",\"@id\":\"https:\\\/\\\/www.estudiodefrances.com\\\/#organization\",\"name\":\"MOddou FLE\",\"url\":\"https:\\\/\\\/www.estudiodefrances.com\\\/\",\"logo\":{\"@type\":\"ImageObject\",\"inLanguage\":\"fr-FR\",\"@id\":\"https:\\\/\\\/www.estudiodefrances.com\\\/#\\\/schema\\\/logo\\\/image\\\/\",\"url\":\"https:\\\/\\\/www.estudiodefrances.com\\\/wp-content\\\/uploads\\\/cropped-Capture-de\u0301cran-2013-09-04-a\u0300-00.08.43-1.png\",\"contentUrl\":\"https:\\\/\\\/www.estudiodefrances.com\\\/wp-content\\\/uploads\\\/cropped-Capture-de\u0301cran-2013-09-04-a\u0300-00.08.43-1.png\",\"width\":68,\"height\":79,\"caption\":\"MOddou FLE\"},\"image\":{\"@id\":\"https:\\\/\\\/www.estudiodefrances.com\\\/#\\\/schema\\\/logo\\\/image\\\/\"},\"sameAs\":[\"https:\\\/\\\/www.facebook.com\\\/moddouFLE\\\/\",\"https:\\\/\\\/x.com\\\/moddou\"]}]}<\/script>\n<!-- \/ Yoast SEO plugin. -->","yoast_head_json":{"title":"CONJUGAISON - MOddou FLE","robots":{"index":"index","follow":"follow","max-snippet":"max-snippet:-1","max-image-preview":"max-image-preview:large","max-video-preview":"max-video-preview:-1"},"canonical":"https:\/\/www.estudiodefrances.com\/?page_id=6","og_locale":"fr_FR","og_type":"article","og_title":"CONJUGAISON - MOddou FLE","og_description":"\u00a0 Le pass\u00e9 compos\u00e9 &#8211; CLIQUEZ ICI On emploie le pass\u00e9 compos\u00e9 pour une action qui ne dure pas, ponctuelle, courte.Formation : \u00eatre ou avoir &hellip;","og_url":"https:\/\/www.estudiodefrances.com\/?page_id=6","og_site_name":"MOddou FLE","article_publisher":"https:\/\/www.facebook.com\/moddouFLE\/","article_modified_time":"2022-10-11T11:19:43+00:00","twitter_card":"summary_large_image","twitter_site":"@moddou","twitter_misc":{"Dur\u00e9e de lecture estim\u00e9e":"2 minutes"},"schema":{"@context":"https:\/\/schema.org","@graph":[{"@type":"WebPage","@id":"https:\/\/www.estudiodefrances.com\/?page_id=6","url":"https:\/\/www.estudiodefrances.com\/?page_id=6","name":"CONJUGAISON - MOddou FLE","isPartOf":{"@id":"https:\/\/www.estudiodefrances.com\/#website"},"datePublished":"2010-06-21T16:57:20+00:00","dateModified":"2022-10-11T11:19:43+00:00","breadcrumb":{"@id":"https:\/\/www.estudiodefrances.com\/?page_id=6#breadcrumb"},"inLanguage":"fr-FR","potentialAction":[{"@type":"ReadAction","target":["https:\/\/www.estudiodefrances.com\/?page_id=6"]}]},{"@type":"BreadcrumbList","@id":"https:\/\/www.estudiodefrances.com\/?page_id=6#breadcrumb","itemListElement":[{"@type":"ListItem","position":1,"name":"Accueil","item":"https:\/\/www.estudiodefrances.com\/"},{"@type":"ListItem","position":2,"name":"CONJUGAISON"}]},{"@type":"WebSite","@id":"https:\/\/www.estudiodefrances.com\/#website","url":"https:\/\/www.estudiodefrances.com\/","name":"MOddou FLE","description":"Exercices et jeux pour apprendre le fran\u00e7ais","publisher":{"@id":"https:\/\/www.estudiodefrances.com\/#organization"},"potentialAction":[{"@type":"SearchAction","target":{"@type":"EntryPoint","urlTemplate":"https:\/\/www.estudiodefrances.com\/?s={search_term_string}"},"query-input":{"@type":"PropertyValueSpecification","valueRequired":true,"valueName":"search_term_string"}}],"inLanguage":"fr-FR"},{"@type":"Organization","@id":"https:\/\/www.estudiodefrances.com\/#organization","name":"MOddou FLE","url":"https:\/\/www.estudiodefrances.com\/","logo":{"@type":"ImageObject","inLanguage":"fr-FR","@id":"https:\/\/www.estudiodefrances.com\/#\/schema\/logo\/image\/","url":"https:\/\/www.estudiodefrances.com\/wp-content\/uploads\/cropped-Capture-de\u0301cran-2013-09-04-a\u0300-00.08.43-1.png","contentUrl":"https:\/\/www.estudiodefrances.com\/wp-content\/uploads\/cropped-Capture-de\u0301cran-2013-09-04-a\u0300-00.08.43-1.png","width":68,"height":79,"caption":"MOddou FLE"},"image":{"@id":"https:\/\/www.estudiodefrances.com\/#\/schema\/logo\/image\/"},"sameAs":["https:\/\/www.facebook.com\/moddouFLE\/","https:\/\/x.com\/moddou"]}]}},"_links":{"self":[{"href":"https:\/\/www.estudiodefrances.com\/index.php?rest_route=\/wp\/v2\/pages\/6","targetHints":{"allow":["GET"]}}],"collection":[{"href":"https:\/\/www.estudiodefrances.com\/index.php?rest_route=\/wp\/v2\/pages"}],"about":[{"href":"https:\/\/www.estudiodefrances.com\/index.php?rest_route=\/wp\/v2\/types\/page"}],"author":[{"embeddable":true,"href":"https:\/\/www.estudiodefrances.com\/index.php?rest_route=\/wp\/v2\/users\/1"}],"replies":[{"embeddable":true,"href":"https:\/\/www.estudiodefrances.com\/index.php?rest_route=%2Fwp%2Fv2%2Fcomments&post=6"}],"version-history":[{"count":100,"href":"https:\/\/www.estudiodefrances.com\/index.php?rest_route=\/wp\/v2\/pages\/6\/revisions"}],"predecessor-version":[{"id":4490,"href":"https:\/\/www.estudiodefrances.com\/index.php?rest_route=\/wp\/v2\/pages\/6\/revisions\/4490"}],"wp:attachment":[{"href":"https:\/\/www.estudiodefrances.com\/index.php?rest_route=%2Fwp%2Fv2%2Fmedia&parent=6"}],"wp:term":[{"taxonomy":"category","embeddable":true,"href":"https:\/\/www.estudiodefrances.com\/index.php?rest_route=%2Fwp%2Fv2%2Fcategories&post=6"},{"taxonomy":"post_tag","embeddable":true,"href":"https:\/\/www.estudiodefrances.com\/index.php?rest_route=%2Fwp%2Fv2%2Ftags&post=6"}],"curies":[{"name":"wp","href":"https:\/\/api.w.org\/{rel}","templated":true}]}}