{"id":9,"date":"2010-06-21T19:01:38","date_gmt":"2010-06-21T17:01:38","guid":{"rendered":"http:\/\/www.estudiodefrances.com\/?page_id=9"},"modified":"2022-09-23T08:28:58","modified_gmt":"2022-09-23T06:28:58","slug":"vocabulaire-et-jeux","status":"publish","type":"page","link":"https:\/\/www.estudiodefrances.com\/?page_id=9","title":{"rendered":"VOCABULAIRE ET JEUX _ OLD"},"content":{"rendered":"<p>ACTIVIT\u00c9S ET JEUX POUR APPRENDRE LE VOCABULAIRE<br \/>\n\n<table id=\"wp-table-reloaded-id-9-no-1\" class=\"wp-table-reloaded wp-table-reloaded-id-9\">\n<tbody>\n\t<tr class=\"row-1\">\n\t\t<td class=\"column-1\">La rentr\u00e9e scolaire (compatible tablettes et smartphones).<\/td><td class=\"column-2\">La salle de classe (compatible tablettes et smartphones).<\/td><td class=\"column-3\">Le mat\u00e9riel scolaire (pour TBI).<\/td><td class=\"column-4\">La mat\u00e9riel scolaire en BD.<\/td>\n\t<\/tr>\n\t<tr class=\"row-2\">\n\t\t<td class=\"column-1\"><a href=\"http:\/\/www.estudiodefrances.com\/fle-html5\/la-rentree-scolaire.html\"><img loading=\"lazy\" decoding=\"async\" src=\"http:\/\/www.estudiodefrances.com\/wp-content\/uploads\/html5-1-ecole.png\" alt=\"\" title=\"La rentr\u00e9e scolaire\" width=\"150\" height=\"150\" class=\"aligncenter size-thumbnail wp-image-1908\" \/><\/a><\/td><td class=\"column-2\"><a href=\"http:\/\/www.estudiodefrances.com\/fle-html5\/salle-de-classe.html\"><img loading=\"lazy\" decoding=\"async\" src=\"http:\/\/www.estudiodefrances.com\/wp-content\/uploads\/html5-2-ecole.png\" alt=\"\" title=\"La salle de classe (en HTML5)\" width=\"150\" height=\"150\" class=\"aligncenter size-thumbnail wp-image-1893\" \/><\/a><\/td><td class=\"column-3\"><a href=\"http:\/\/www.estudiodefrances.com\/tbi\/tbi-fle-3.html\"><img loading=\"lazy\" decoding=\"async\" src=\"http:\/\/www.estudiodefrances.com\/wp-content\/uploads\/Capture-d\u2019\u00e9cran-2011-03-14-\u00e0-16.12.07-150x150.png\" alt=\"\" title=\"Le mat\u00e9riel scolaire\" width=\"150\" height=\"150\" class=\"aligncenter size-thumbnail wp-image-707\" srcset=\"https:\/\/www.estudiodefrances.com\/wp-content\/uploads\/Capture-d\u2019\u00e9cran-2011-03-14-\u00e0-16.12.07-150x150.png 150w, https:\/\/www.estudiodefrances.com\/wp-content\/uploads\/Capture-d\u2019\u00e9cran-2011-03-14-\u00e0-16.12.07-90x90.png 90w, https:\/\/www.estudiodefrances.com\/wp-content\/uploads\/Capture-d\u2019\u00e9cran-2011-03-14-\u00e0-16.12.07-48x48.png 48w\" sizes=\"auto, (max-width: 150px) 100vw, 150px\" \/><\/a><\/td><td class=\"column-4\"><a href=\"http:\/\/www.estudiodefrances.com\/exercices\/bdalexetzoe.html\"><img loading=\"lazy\" decoding=\"async\" src=\"http:\/\/www.estudiodefrances.com\/wp-content\/uploads\/Capture-d\u2019\u00e9cran-2010-10-18-\u00e0-21.49.42-150x150.png\" alt=\"\" title=\"Le mat\u00e9riel scolaire en BD\" width=\"150\" height=\"150\" class=\"aligncenter size-thumbnail wp-image-341\" srcset=\"https:\/\/www.estudiodefrances.com\/wp-content\/uploads\/Capture-d\u2019\u00e9cran-2010-10-18-\u00e0-21.49.42-150x150.png 150w, https:\/\/www.estudiodefrances.com\/wp-content\/uploads\/Capture-d\u2019\u00e9cran-2010-10-18-\u00e0-21.49.42-90x90.png 90w, https:\/\/www.estudiodefrances.com\/wp-content\/uploads\/Capture-d\u2019\u00e9cran-2010-10-18-\u00e0-21.49.42-48x48.png 48w\" sizes=\"auto, (max-width: 150px) 100vw, 150px\" \/><\/a><\/td>\n\t<\/tr>\n<\/tbody>\n<\/table>\n<\/p>\n<p>&nbsp;<\/p>\n<p style=\"padding-left: 30px;\">Lien jeu histoire CM2D :<a href=\"http:\/\/www.estudiodefrances.com\/?p=2536\"> clique ici<br \/>\n<\/a>Lien exercice histoire CM2D : <a href=\"http:\/\/www.estudiodefrances.com\/?p=2547\">clique ici<\/a><a href=\"http:\/\/www.estudiodefrances.com\/?p=2536\"><br \/>\n<\/a>Lien mots crois\u00e9s CM2D : <a href=\"http:\/\/www.estudiodefrances.com\/?p=2551\">clique ici<\/a><\/p>\n<ol>\n<li><a href=\"\/peli\/jeudeplage.html\" target=\"_parent\" rel=\"noopener noreferrer\"> Cliquer \/ trouver: la plage<\/a><\/li>\n<li><a href=\"\/peli\/salledeclasse.html\" target=\"_self\" rel=\"noopener noreferrer\">Cliquer \/ \u00e9couter : la salle de classe <\/a><\/li>\n<li><a href=\"\/peli\/jeuhiver.html\" target=\"_self\" rel=\"noopener noreferrer\">Cliquer \/ trouver : l&rsquo;hiver <\/a>&#8211;<\/li>\n<li><a href=\"\/peli\/lachambre.html\" target=\"_self\" rel=\"noopener noreferrer\">Cliquer \/ \u00e9couter : la chambre<\/a><\/li>\n<li><a href=\"\/peli\/lesnoms.htm\" target=\"_self\" rel=\"noopener noreferrer\">Les noms<\/a><\/li>\n<li><a href=\"\/peli\/lependu.html\" target=\"_blank\" rel=\"noopener noreferrer\">Le pendu <\/a><\/li>\n<li><a href=\"..\/peli\/lalocalisation.html\">La localisation <\/a><\/li>\n<li><a href=\"http:\/\/www.estudiodefrances.com\/exercices\/nombre1a10.html\" target=\"_self\" rel=\"noopener noreferrer\">Nombres de 1 \u00e0 10<\/a><\/li>\n<li><a href=\"http:\/\/www.estudiodefrances.com\/exercices\/papa-noel-parties.html\">Le P\u00e8re No\u00ebl<\/a><\/li>\n<li><a href=\"..\/exercices\/alimentation.html\">L&rsquo;alimentation<\/a><\/li>\n<li><a href=\"..\/exercices\/restaurant.html\">Au restaurant<\/a><\/li>\n<li><a href=\"..\/exercices\/fruitsetlegumes.html\">Fruits et l\u00e9gumes<\/a><\/li>\n<li><a href=\"..\/autres\/jeudemotsmoddou2.swf\">Jeu des mots (Type Tetris avec des mots)<\/a><\/li>\n<li><a href=\"..\/autres\/setester.swf\">Duels en fran\u00e7ais (Pour 1 ou 2 joueurs)<\/a><\/li>\n<li><a href=\"..\/exercices\/appartement.html\" target=\"_self\" rel=\"noopener noreferrer\">L&rsquo;appartement<\/a><\/li>\n<li><a href=\"..\/exercices\/consignes.html\">Les consignes<\/a><\/li>\n<li><a href=\"..\/exercices\/paysages.html\">Les paysages<\/a><\/li>\n<li><a href=\"..\/peli\/trouversonchemin.html\">Trouver son chemin<\/a><\/li>\n<li><a href=\"http:\/\/www.estudiodefrances.com\/exercices\/meteo.html\">La m\u00e9t\u00e9o (compr\u00e9hension orale)<\/a><\/li>\n<li><a href=\"http:\/\/www.estudiodefrances.com\/exercices\/vocabulaire-de-la-meteo.html\">La m\u00e9t\u00e9o (associer mots aux images).<\/a><\/li>\n<li><a href=\"http:\/\/www.estudiodefrances.com\/exercices\/supermarche.html\">Au supermarch\u00e9<\/a><\/li>\n<li><a href=\"http:\/\/www.estudiodefrances.com\/exercices\/radioquestions.html\">Programmes de t\u00e9l\u00e9vision <\/a><\/li>\n<li><a href=\"http:\/\/www.estudiodefrances.com\/exercices\/joursdelasemaine\">Les jours de la semaine<\/a><span class=\"Style3\"><br \/>\n<\/span><\/li>\n<li><a href=\"http:\/\/www.estudiodefrances.com\/exercices\/guichetgare.html\">Au guichet de la gare<\/a><\/li>\n<li><span class=\"Style3\"><a href=\"http:\/\/www.estudiodefrances.com\/exercices\/passercommande.html\">Commander dans un restaurant<\/a><\/span><\/li>\n<li><span class=\"Style3\"><a href=\"http:\/\/www.estudiodefrances.com\/exercices\/loulou.html\">Les go\u00fbts (Alex et Zo\u00e9)<\/a><\/span><\/li>\n<li><span class=\"Style3\"><a href=\"http:\/\/www.estudiodefrances.com\/exercices\/bdalexetzoe.html\">Le mat\u00e9riel scolaire (Alex et Zo\u00e9)<\/a><\/span><\/li>\n<li><span class=\"Style3\"><a href=\"http:\/\/www.estudiodefrances.com\/exercices\/lamain.html\">Les doigts de la main<\/a><\/span><\/li>\n<li><span class=\"Style3\"><a href=\"http:\/\/www.estudiodefrances.com\/exercices\/couleurs.html\">Les couleurs (Alex et Zo\u00e9)<\/a><\/span><\/li>\n<li><span class=\"Style3\"><a href=\"http:\/\/www.estudiodefrances.com\/tbi\/ici1.html\">Ressource TBI : donner son avis<\/a><\/span><\/li>\n<li><a href=\"http:\/\/www.estudiodefrances.com\/tbi\/ici12.html\"><span class=\"Style3\">Ressource TBI : situations d&rsquo;achat<\/span><\/a><\/li>\n<li><span class=\"Style3\"><a href=\"http:\/\/www.estudiodefrances.com\/exercices\/heures.html\">Les heures (Alex et Zo\u00e9)<\/a><\/span><\/li>\n<li><a href=\"http:\/\/www.estudiodefrances.com\/exercices\/restaurantaffaires.html\"><span class=\"Style3\">D\u00e9jeuner d&rsquo;affaires.<\/span><\/a><\/li>\n<li><span class=\"Style3\"><a href=\"http:\/\/www.estudiodefrances.com\/exercices\/conflittravail.html\">Conflits et travail.<\/a><\/span><\/li>\n<li><span class=\"Style3\"><a href=\"http:\/\/www.estudiodefrances.com\/exercices\/les-journaux-les-informations-la%20presse.html\">Les journaux et les titres<\/a><\/span><\/li>\n<li><span class=\"Style3\"><a href=\"http:\/\/www.estudiodefrances.com\/exercices\/etudiants-cafeteria.html\">Dialogues d&rsquo;\u00e9tudiants dans une caf\u00e9t\u00e9ria<\/a><\/span><\/li>\n<li><span class=\"Style3\"><a href=\"http:\/\/www.estudiodefrances.com\/exercices\/les-insectes.html\">Les insectes<\/a><br \/>\n<\/span><\/li>\n<\/ol>\n","protected":false},"excerpt":{"rendered":"<p>ACTIVIT\u00c9S ET JEUX POUR APPRENDRE LE VOCABULAIRE &nbsp; Lien jeu histoire CM2D : clique ici Lien exercice histoire CM2D : clique ici Lien mots crois\u00e9s &hellip; <\/p>\n","protected":false},"author":1,"featured_media":0,"parent":0,"menu_order":2,"comment_status":"open","ping_status":"closed","template":"","meta":{"_monsterinsights_skip_tracking":false,"_monsterinsights_sitenote_active":false,"_monsterinsights_sitenote_note":"","_monsterinsights_sitenote_category":0,"cybocfi_hide_featured_image":"","footnotes":""},"categories":[16,31,32],"tags":[],"class_list":["post-9","page","type-page","status-publish","hentry","category-jeux","category-niveau-a1","category-niveau-a2"],"yoast_head":"<!-- This site is optimized with the Yoast SEO plugin v27.6 - https:\/\/yoast.com\/product\/yoast-seo-wordpress\/ -->\n<title>VOCABULAIRE ET JEUX _ OLD - MOddou FLE<\/title>\n<meta name=\"robots\" content=\"index, follow, max-snippet:-1, max-image-preview:large, max-video-preview:-1\" \/>\n<link rel=\"canonical\" href=\"https:\/\/www.estudiodefrances.com\/?page_id=9\" \/>\n<meta property=\"og:locale\" content=\"fr_FR\" \/>\n<meta property=\"og:type\" content=\"article\" \/>\n<meta property=\"og:title\" content=\"VOCABULAIRE ET JEUX _ OLD - MOddou FLE\" \/>\n<meta property=\"og:description\" content=\"ACTIVIT\u00c9S ET JEUX POUR APPRENDRE LE VOCABULAIRE &nbsp; Lien jeu histoire CM2D : clique ici Lien exercice histoire CM2D : clique ici Lien mots crois\u00e9s &hellip;\" \/>\n<meta property=\"og:url\" content=\"https:\/\/www.estudiodefrances.com\/?page_id=9\" \/>\n<meta property=\"og:site_name\" content=\"MOddou FLE\" \/>\n<meta property=\"article:publisher\" content=\"https:\/\/www.facebook.com\/moddouFLE\/\" \/>\n<meta property=\"article:modified_time\" content=\"2022-09-23T06:28:58+00:00\" \/>\n<meta name=\"twitter:card\" content=\"summary_large_image\" \/>\n<meta name=\"twitter:site\" content=\"@moddou\" \/>\n<meta name=\"twitter:label1\" content=\"Dur\u00e9e de lecture estim\u00e9e\" \/>\n\t<meta name=\"twitter:data1\" content=\"1 minute\" \/>\n<script type=\"application\/ld+json\" class=\"yoast-schema-graph\">{\"@context\":\"https:\\\/\\\/schema.org\",\"@graph\":[{\"@type\":\"WebPage\",\"@id\":\"https:\\\/\\\/www.estudiodefrances.com\\\/?page_id=9\",\"url\":\"https:\\\/\\\/www.estudiodefrances.com\\\/?page_id=9\",\"name\":\"VOCABULAIRE ET JEUX _ OLD - MOddou FLE\",\"isPartOf\":{\"@id\":\"https:\\\/\\\/www.estudiodefrances.com\\\/#website\"},\"datePublished\":\"2010-06-21T17:01:38+00:00\",\"dateModified\":\"2022-09-23T06:28:58+00:00\",\"breadcrumb\":{\"@id\":\"https:\\\/\\\/www.estudiodefrances.com\\\/?page_id=9#breadcrumb\"},\"inLanguage\":\"fr-FR\",\"potentialAction\":[{\"@type\":\"ReadAction\",\"target\":[\"https:\\\/\\\/www.estudiodefrances.com\\\/?page_id=9\"]}]},{\"@type\":\"BreadcrumbList\",\"@id\":\"https:\\\/\\\/www.estudiodefrances.com\\\/?page_id=9#breadcrumb\",\"itemListElement\":[{\"@type\":\"ListItem\",\"position\":1,\"name\":\"Accueil\",\"item\":\"https:\\\/\\\/www.estudiodefrances.com\\\/\"},{\"@type\":\"ListItem\",\"position\":2,\"name\":\"VOCABULAIRE ET JEUX _ OLD\"}]},{\"@type\":\"WebSite\",\"@id\":\"https:\\\/\\\/www.estudiodefrances.com\\\/#website\",\"url\":\"https:\\\/\\\/www.estudiodefrances.com\\\/\",\"name\":\"MOddou FLE\",\"description\":\"Exercices et jeux pour apprendre le fran\u00e7ais\",\"publisher\":{\"@id\":\"https:\\\/\\\/www.estudiodefrances.com\\\/#organization\"},\"potentialAction\":[{\"@type\":\"SearchAction\",\"target\":{\"@type\":\"EntryPoint\",\"urlTemplate\":\"https:\\\/\\\/www.estudiodefrances.com\\\/?s={search_term_string}\"},\"query-input\":{\"@type\":\"PropertyValueSpecification\",\"valueRequired\":true,\"valueName\":\"search_term_string\"}}],\"inLanguage\":\"fr-FR\"},{\"@type\":\"Organization\",\"@id\":\"https:\\\/\\\/www.estudiodefrances.com\\\/#organization\",\"name\":\"MOddou FLE\",\"url\":\"https:\\\/\\\/www.estudiodefrances.com\\\/\",\"logo\":{\"@type\":\"ImageObject\",\"inLanguage\":\"fr-FR\",\"@id\":\"https:\\\/\\\/www.estudiodefrances.com\\\/#\\\/schema\\\/logo\\\/image\\\/\",\"url\":\"https:\\\/\\\/www.estudiodefrances.com\\\/wp-content\\\/uploads\\\/cropped-Capture-de\u0301cran-2013-09-04-a\u0300-00.08.43-1.png\",\"contentUrl\":\"https:\\\/\\\/www.estudiodefrances.com\\\/wp-content\\\/uploads\\\/cropped-Capture-de\u0301cran-2013-09-04-a\u0300-00.08.43-1.png\",\"width\":68,\"height\":79,\"caption\":\"MOddou FLE\"},\"image\":{\"@id\":\"https:\\\/\\\/www.estudiodefrances.com\\\/#\\\/schema\\\/logo\\\/image\\\/\"},\"sameAs\":[\"https:\\\/\\\/www.facebook.com\\\/moddouFLE\\\/\",\"https:\\\/\\\/x.com\\\/moddou\"]}]}<\/script>\n<!-- \/ Yoast SEO plugin. -->","yoast_head_json":{"title":"VOCABULAIRE ET JEUX _ OLD - MOddou FLE","robots":{"index":"index","follow":"follow","max-snippet":"max-snippet:-1","max-image-preview":"max-image-preview:large","max-video-preview":"max-video-preview:-1"},"canonical":"https:\/\/www.estudiodefrances.com\/?page_id=9","og_locale":"fr_FR","og_type":"article","og_title":"VOCABULAIRE ET JEUX _ OLD - MOddou FLE","og_description":"ACTIVIT\u00c9S ET JEUX POUR APPRENDRE LE VOCABULAIRE &nbsp; Lien jeu histoire CM2D : clique ici Lien exercice histoire CM2D : clique ici Lien mots crois\u00e9s &hellip;","og_url":"https:\/\/www.estudiodefrances.com\/?page_id=9","og_site_name":"MOddou FLE","article_publisher":"https:\/\/www.facebook.com\/moddouFLE\/","article_modified_time":"2022-09-23T06:28:58+00:00","twitter_card":"summary_large_image","twitter_site":"@moddou","twitter_misc":{"Dur\u00e9e de lecture estim\u00e9e":"1 minute"},"schema":{"@context":"https:\/\/schema.org","@graph":[{"@type":"WebPage","@id":"https:\/\/www.estudiodefrances.com\/?page_id=9","url":"https:\/\/www.estudiodefrances.com\/?page_id=9","name":"VOCABULAIRE ET JEUX _ OLD - MOddou FLE","isPartOf":{"@id":"https:\/\/www.estudiodefrances.com\/#website"},"datePublished":"2010-06-21T17:01:38+00:00","dateModified":"2022-09-23T06:28:58+00:00","breadcrumb":{"@id":"https:\/\/www.estudiodefrances.com\/?page_id=9#breadcrumb"},"inLanguage":"fr-FR","potentialAction":[{"@type":"ReadAction","target":["https:\/\/www.estudiodefrances.com\/?page_id=9"]}]},{"@type":"BreadcrumbList","@id":"https:\/\/www.estudiodefrances.com\/?page_id=9#breadcrumb","itemListElement":[{"@type":"ListItem","position":1,"name":"Accueil","item":"https:\/\/www.estudiodefrances.com\/"},{"@type":"ListItem","position":2,"name":"VOCABULAIRE ET JEUX _ OLD"}]},{"@type":"WebSite","@id":"https:\/\/www.estudiodefrances.com\/#website","url":"https:\/\/www.estudiodefrances.com\/","name":"MOddou FLE","description":"Exercices et jeux pour apprendre le fran\u00e7ais","publisher":{"@id":"https:\/\/www.estudiodefrances.com\/#organization"},"potentialAction":[{"@type":"SearchAction","target":{"@type":"EntryPoint","urlTemplate":"https:\/\/www.estudiodefrances.com\/?s={search_term_string}"},"query-input":{"@type":"PropertyValueSpecification","valueRequired":true,"valueName":"search_term_string"}}],"inLanguage":"fr-FR"},{"@type":"Organization","@id":"https:\/\/www.estudiodefrances.com\/#organization","name":"MOddou FLE","url":"https:\/\/www.estudiodefrances.com\/","logo":{"@type":"ImageObject","inLanguage":"fr-FR","@id":"https:\/\/www.estudiodefrances.com\/#\/schema\/logo\/image\/","url":"https:\/\/www.estudiodefrances.com\/wp-content\/uploads\/cropped-Capture-de\u0301cran-2013-09-04-a\u0300-00.08.43-1.png","contentUrl":"https:\/\/www.estudiodefrances.com\/wp-content\/uploads\/cropped-Capture-de\u0301cran-2013-09-04-a\u0300-00.08.43-1.png","width":68,"height":79,"caption":"MOddou FLE"},"image":{"@id":"https:\/\/www.estudiodefrances.com\/#\/schema\/logo\/image\/"},"sameAs":["https:\/\/www.facebook.com\/moddouFLE\/","https:\/\/x.com\/moddou"]}]}},"_links":{"self":[{"href":"https:\/\/www.estudiodefrances.com\/index.php?rest_route=\/wp\/v2\/pages\/9","targetHints":{"allow":["GET"]}}],"collection":[{"href":"https:\/\/www.estudiodefrances.com\/index.php?rest_route=\/wp\/v2\/pages"}],"about":[{"href":"https:\/\/www.estudiodefrances.com\/index.php?rest_route=\/wp\/v2\/types\/page"}],"author":[{"embeddable":true,"href":"https:\/\/www.estudiodefrances.com\/index.php?rest_route=\/wp\/v2\/users\/1"}],"replies":[{"embeddable":true,"href":"https:\/\/www.estudiodefrances.com\/index.php?rest_route=%2Fwp%2Fv2%2Fcomments&post=9"}],"version-history":[{"count":40,"href":"https:\/\/www.estudiodefrances.com\/index.php?rest_route=\/wp\/v2\/pages\/9\/revisions"}],"predecessor-version":[{"id":3338,"href":"https:\/\/www.estudiodefrances.com\/index.php?rest_route=\/wp\/v2\/pages\/9\/revisions\/3338"}],"wp:attachment":[{"href":"https:\/\/www.estudiodefrances.com\/index.php?rest_route=%2Fwp%2Fv2%2Fmedia&parent=9"}],"wp:term":[{"taxonomy":"category","embeddable":true,"href":"https:\/\/www.estudiodefrances.com\/index.php?rest_route=%2Fwp%2Fv2%2Fcategories&post=9"},{"taxonomy":"post_tag","embeddable":true,"href":"https:\/\/www.estudiodefrances.com\/index.php?rest_route=%2Fwp%2Fv2%2Ftags&post=9"}],"curies":[{"name":"wp","href":"https:\/\/api.w.org\/{rel}","templated":true}]}}